{"id":2007,"date":"2021-05-31T03:18:08","date_gmt":"2021-05-31T03:18:08","guid":{"rendered":"https:\/\/luxsa.la-studioweb.com\/?page_id=2007"},"modified":"2023-09-04T11:47:44","modified_gmt":"2023-09-04T08:47:44","slug":"shop-collection","status":"publish","type":"page","link":"https:\/\/www.kutuambalajplastik.com\/warsey\/?page_id=2007","title":{"rendered":"\u00dcr\u00fcnler"},"content":{"rendered":"\t\t<div data-elementor-type=\"wp-page\" data-elementor-id=\"2007\" class=\"elementor elementor-2007\">\n\t\t\t\t\t\t\t\t\t<div class=\"elementor-section elementor-top-section elementor-element elementor-element-7603cae elementor-section-full_width elementor-section-height-default elementor-section-height-default\" data-id=\"7603cae\" data-element_type=\"section\">\n\t\t\t\t\t\t<div class=\"elementor-container elementor-column-gap-no\">\n\t\t\t\t\t<div class=\"elementor-column elementor-col-100 elementor-top-column elementor-element elementor-element-604c3ac\" data-id=\"604c3ac\" data-element_type=\"column\">\n\t\t\t<div class=\"elementor-widget-wrap elementor-element-populated\">\n\t\t\t\t\t\t\t\t<div class=\"elementor-element elementor-element-5849e8a imagelayout-preset-type-2 elementor-widget elementor-widget-lastudio-images-layout\" data-id=\"5849e8a\" data-element_type=\"widget\" data-widget_type=\"lastudio-images-layout.default\">\n\t\t\t\t<div class=\"elementor-widget-container\">\n\t\t\t\n<div class=\"lastudio-images-layout layout-type-masonry\" style=\"--elm-slide-item: 2\">\n\t<div class=\"lastudio-images-layout__list js-el la-isotope-container grid-items block-grid-2 laptop-block-grid-2 tablet-block-grid-2 mobile-block-grid-2 xmobile-block-grid-1\" data-item_selector=\".lastudio-images-layout__item\" data-la-effect=\"sequencefade\" data-la_component=\"DefaultMasonry\">\n<div class=\" grid-item lastudio-images-layout__item\" data-width=\"1\" data-height=\"1\">\n\t<div class=\"lastudio-images-layout__inner\">\n\t\t<a class=\"lastudio-images-layout__link\" href=\"https:\/\/www.kutuambalajplastik.com\/warsey\/?product_cat=gunluk-giyim&amp;paged=1\" target=\"_self\">\n\t\t\t<div class=\"lastudio-images-layout__image\"><img decoding=\"async\" src=\"https:\/\/www.kutuambalajplastik.com\/warsey\/wp-content\/uploads\/2023\/09\/gunluk-giyim-banner-magaza-1.jpg\" data-src=\"https:\/\/www.kutuambalajplastik.com\/warsey\/wp-content\/uploads\/2023\/09\/gunluk-giyim-banner-magaza-1.jpg\" alt=\"\" loading=\"lazy\" class=\"lastudio-images-layout__image-instance\" width=\"960\" height=\"720\" srcset=\"https:\/\/www.kutuambalajplastik.com\/warsey\/wp-content\/uploads\/2023\/09\/gunluk-giyim-banner-magaza-1.jpg\" style=\"--img-height:720px\">\t\t\t<\/div>\n\t\t\t<div class=\"lastudio-images-layout__content\"><h5 class=\"lastudio-images-layout__title\">G\u00fcnl\u00fck Giyim<\/h5><button class=\"lastudio-images-layout__button button\">G\u00f6r\u00fcnt\u00fcle<\/button><\/div>\n\t\t<\/a>\n\t<\/div>\n<\/div><div class=\" grid-item lastudio-images-layout__item\" data-width=\"1\" data-height=\"1\">\n\t<div class=\"lastudio-images-layout__inner\">\n\t\t<a class=\"lastudio-images-layout__link\" href=\"https:\/\/www.kutuambalajplastik.com\/warsey\/?product_cat=kadin-esofman-takimi&amp;paged=1\" target=\"_self\">\n\t\t\t<div class=\"lastudio-images-layout__image\"><img decoding=\"async\" src=\"https:\/\/www.kutuambalajplastik.com\/warsey\/wp-content\/uploads\/2023\/09\/kadin-esofman-banner-magaza.jpg\" data-src=\"https:\/\/www.kutuambalajplastik.com\/warsey\/wp-content\/uploads\/2023\/09\/kadin-esofman-banner-magaza.jpg\" alt=\"\" loading=\"lazy\" class=\"lastudio-images-layout__image-instance\" width=\"960\" height=\"720\" srcset=\"https:\/\/www.kutuambalajplastik.com\/warsey\/wp-content\/uploads\/2023\/09\/kadin-esofman-banner-magaza.jpg\" style=\"--img-height:720px\">\t\t\t<\/div>\n\t\t\t<div class=\"lastudio-images-layout__content\"><h5 class=\"lastudio-images-layout__title\">Kad\u0131n E\u015fofman<\/h5><button class=\"lastudio-images-layout__button button\">G\u00f6r\u00fcnt\u00fcle<\/button><\/div>\n\t\t<\/a>\n\t<\/div>\n<\/div><div class=\" grid-item lastudio-images-layout__item\" data-width=\"1\" data-height=\"1\">\n\t<div class=\"lastudio-images-layout__inner\">\n\t\t<a class=\"lastudio-images-layout__link\" href=\"https:\/\/www.kutuambalajplastik.com\/warsey\/?product_cat=kadin-ust-giyim\" target=\"_self\">\n\t\t\t<div class=\"lastudio-images-layout__image\"><img decoding=\"async\" src=\"https:\/\/www.kutuambalajplastik.com\/warsey\/wp-content\/uploads\/2023\/09\/kadin-ust-giyim-banner-magaza-2.jpg\" data-src=\"https:\/\/www.kutuambalajplastik.com\/warsey\/wp-content\/uploads\/2023\/09\/kadin-ust-giyim-banner-magaza-2.jpg\" alt=\"\" loading=\"lazy\" class=\"lastudio-images-layout__image-instance\" width=\"960\" height=\"720\" srcset=\"https:\/\/www.kutuambalajplastik.com\/warsey\/wp-content\/uploads\/2023\/09\/kadin-ust-giyim-banner-magaza-2.jpg\" style=\"--img-height:720px\">\t\t\t<\/div>\n\t\t\t<div class=\"lastudio-images-layout__content\"><h5 class=\"lastudio-images-layout__title\">Kad\u0131n \u00dcst Giyim<\/h5><button class=\"lastudio-images-layout__button button\">G\u00f6r\u00fcnt\u00fcle<\/button><\/div>\n\t\t<\/a>\n\t<\/div>\n<\/div><div class=\" grid-item lastudio-images-layout__item\" data-width=\"1\" data-height=\"1\">\n\t<div class=\"lastudio-images-layout__inner\">\n\t\t<a class=\"lastudio-images-layout__link\" href=\"https:\/\/www.kutuambalajplastik.com\/warsey\/?product_cat=tayt-takimlari&amp;paged=4\" target=\"_self\">\n\t\t\t<div class=\"lastudio-images-layout__image\"><img decoding=\"async\" src=\"https:\/\/www.kutuambalajplastik.com\/warsey\/wp-content\/uploads\/2023\/09\/tayt-takimi-banner-magaza.jpg\" data-src=\"https:\/\/www.kutuambalajplastik.com\/warsey\/wp-content\/uploads\/2023\/09\/tayt-takimi-banner-magaza.jpg\" alt=\"\" loading=\"lazy\" class=\"lastudio-images-layout__image-instance\" width=\"960\" height=\"720\" srcset=\"https:\/\/www.kutuambalajplastik.com\/warsey\/wp-content\/uploads\/2023\/09\/tayt-takimi-banner-magaza.jpg\" style=\"--img-height:720px\">\t\t\t<\/div>\n\t\t\t<div class=\"lastudio-images-layout__content\"><h5 class=\"lastudio-images-layout__title\">Tayt Tak\u0131mlar\u0131<\/h5><button class=\"lastudio-images-layout__button button\">G\u00f6r\u00fcnt\u00fcle<\/button><\/div>\n\t\t<\/a>\n\t<\/div>\n<\/div><div class=\" grid-item lastudio-images-layout__item\" data-width=\"1\" data-height=\"1\">\n\t<div class=\"lastudio-images-layout__inner\">\n\t\t<a class=\"lastudio-images-layout__link\" href=\"https:\/\/www.kutuambalajplastik.com\/warsey\/?product_cat=erkek-ust-giyim\" target=\"_self\">\n\t\t\t<div class=\"lastudio-images-layout__image\"><img decoding=\"async\" src=\"https:\/\/www.kutuambalajplastik.com\/warsey\/wp-content\/uploads\/2023\/09\/erkek-ust-giyim-banner-magaza.jpg\" data-src=\"https:\/\/www.kutuambalajplastik.com\/warsey\/wp-content\/uploads\/2023\/09\/erkek-ust-giyim-banner-magaza.jpg\" alt=\"\" loading=\"lazy\" class=\"lastudio-images-layout__image-instance\" width=\"960\" height=\"720\" srcset=\"https:\/\/www.kutuambalajplastik.com\/warsey\/wp-content\/uploads\/2023\/09\/erkek-ust-giyim-banner-magaza.jpg\" style=\"--img-height:720px\">\t\t\t<\/div>\n\t\t\t<div class=\"lastudio-images-layout__content\"><h5 class=\"lastudio-images-layout__title\">Erkek \u00dcSt Giyim<\/h5><button class=\"lastudio-images-layout__button button\">G\u00f6r\u00fcn\u00fctle<\/button><\/div>\n\t\t<\/a>\n\t<\/div>\n<\/div><div class=\" grid-item lastudio-images-layout__item\" data-width=\"1\" data-height=\"1\">\n\t<div class=\"lastudio-images-layout__inner\">\n\t\t<a class=\"lastudio-images-layout__link\" href=\"https:\/\/www.kutuambalajplastik.com\/warsey\/?product_cat=esofman-takimi\" target=\"_self\">\n\t\t\t<div class=\"lastudio-images-layout__image\"><img decoding=\"async\" src=\"https:\/\/www.kutuambalajplastik.com\/warsey\/wp-content\/uploads\/2023\/09\/erkek-esofman-banner-magaza.jpg\" data-src=\"https:\/\/www.kutuambalajplastik.com\/warsey\/wp-content\/uploads\/2023\/09\/erkek-esofman-banner-magaza.jpg\" alt=\"\" loading=\"lazy\" class=\"lastudio-images-layout__image-instance\" width=\"960\" height=\"720\" srcset=\"https:\/\/www.kutuambalajplastik.com\/warsey\/wp-content\/uploads\/2023\/09\/erkek-esofman-banner-magaza.jpg\" style=\"--img-height:720px\">\t\t\t<\/div>\n\t\t\t<div class=\"lastudio-images-layout__content\"><h5 class=\"lastudio-images-layout__title\">Erkek E\u015fofman<\/h5><button class=\"lastudio-images-layout__button button\">G\u00f6r\u00fcnt\u00fcle<\/button><\/div>\n\t\t<\/a>\n\t<\/div>\n<\/div><\/div><\/div>\t\t<\/div>\n\t\t\t\t<\/div>\n\t\t\t\t\t<\/div>\n\t\t<\/div>\n\t\t\t\t\t\t\t<\/div>\n\t\t<\/div>\n\t\t\t\t\t\t\t<\/div>\n\t\t","protected":false},"excerpt":{"rendered":"","protected":false},"author":1,"featured_media":0,"parent":0,"menu_order":0,"comment_status":"closed","ping_status":"closed","template":"","meta":{"footnotes":""},"class_list":["post-2007","page","type-page","status-publish","hentry"],"_links":{"self":[{"href":"https:\/\/www.kutuambalajplastik.com\/warsey\/index.php?rest_route=\/wp\/v2\/pages\/2007","targetHints":{"allow":["GET"]}}],"collection":[{"href":"https:\/\/www.kutuambalajplastik.com\/warsey\/index.php?rest_route=\/wp\/v2\/pages"}],"about":[{"href":"https:\/\/www.kutuambalajplastik.com\/warsey\/index.php?rest_route=\/wp\/v2\/types\/page"}],"author":[{"embeddable":true,"href":"https:\/\/www.kutuambalajplastik.com\/warsey\/index.php?rest_route=\/wp\/v2\/users\/1"}],"replies":[{"embeddable":true,"href":"https:\/\/www.kutuambalajplastik.com\/warsey\/index.php?rest_route=%2Fwp%2Fv2%2Fcomments&post=2007"}],"version-history":[{"count":30,"href":"https:\/\/www.kutuambalajplastik.com\/warsey\/index.php?rest_route=\/wp\/v2\/pages\/2007\/revisions"}],"predecessor-version":[{"id":6243,"href":"https:\/\/www.kutuambalajplastik.com\/warsey\/index.php?rest_route=\/wp\/v2\/pages\/2007\/revisions\/6243"}],"wp:attachment":[{"href":"https:\/\/www.kutuambalajplastik.com\/warsey\/index.php?rest_route=%2Fwp%2Fv2%2Fmedia&parent=2007"}],"curies":[{"name":"wp","href":"https:\/\/api.w.org\/{rel}","templated":true}]}}